{"id":6314,"date":"2023-09-15T10:32:51","date_gmt":"2023-09-15T10:32:51","guid":{"rendered":"https:\/\/baris-tea.com\/?post_type=product&#038;p=6314"},"modified":"2025-01-30T12:30:28","modified_gmt":"2025-01-30T12:30:28","slug":"fruit-infusion","status":"publish","type":"product","link":"https:\/\/baris-tea.com\/de\/produkt\/fruit-infusion","title":{"rendered":"Fruit Infusion"},"content":{"rendered":"","protected":false},"excerpt":{"rendered":"<p>Eine wunderbare Frucht-Kr\u00e4uter-Kombination mit einzigartigen Aromen von Bio-Hibiskus, Hagebutte, Rooibos und Heidelbeere.<\/p>\n<p>Dieser Aufguss, auch Tisane genannt, verleiht Ihrem Tag W\u00e4rme und etwas Farbe. Eine k\u00f6stliche Tasse BARISTEA-Fruchttee, den Sie den ganzen Tag \u00fcber genie\u00dfen k\u00f6nnen, da dieser Aufguss kein Koffein enth\u00e4lt.<\/p>\n<p>*Organically-grown ingredient.<\/p>\n<p>Am besten k\u00fchl und dunkel lagern.<\/p>\n<p><strong>Vorbereitung<\/strong>: 3-5 min \/ 100\u00baC<\/p>\n<p>&nbsp;<\/p>\n<p><a href=\"https:\/\/baris-tea.com\/wp-content\/uploads\/2023\/05\/bio-certificate-e1738236506195.png\"><img loading=\"lazy\" decoding=\"async\" class=\"alignnone wp-image-6667\" src=\"https:\/\/baris-tea.com\/wp-content\/uploads\/2023\/05\/bio-certificate-e1738236506195-300x288.png\" alt=\"\" width=\"120\" height=\"115\" srcset=\"https:\/\/baris-tea.com\/wp-content\/uploads\/2023\/05\/bio-certificate-e1738236506195-300x288.png 300w, https:\/\/baris-tea.com\/wp-content\/uploads\/2023\/05\/bio-certificate-e1738236506195-13x12.png 13w, https:\/\/baris-tea.com\/wp-content\/uploads\/2023\/05\/bio-certificate-e1738236506195.png 448w\" sizes=\"auto, (max-width: 120px) 100vw, 120px\" \/><\/a><\/p>","protected":false},"featured_media":6539,"template":"","meta":[],"product_cat":[54],"product_tag":[138,70],"class_list":{"0":"post-6314","1":"product","2":"type-product","3":"status-publish","4":"has-post-thumbnail","6":"product_cat-fruit-infusion","7":"product_tag-fruit","8":"product_tag-infusion","10":"first","11":"outofstock","12":"shipping-taxable","13":"product-type-simple"},"_links":{"self":[{"href":"https:\/\/baris-tea.com\/de\/wp-json\/wp\/v2\/product\/6314","targetHints":{"allow":["GET"]}}],"collection":[{"href":"https:\/\/baris-tea.com\/de\/wp-json\/wp\/v2\/product"}],"about":[{"href":"https:\/\/baris-tea.com\/de\/wp-json\/wp\/v2\/types\/product"}],"wp:featuredmedia":[{"embeddable":true,"href":"https:\/\/baris-tea.com\/de\/wp-json\/wp\/v2\/media\/6539"}],"wp:attachment":[{"href":"https:\/\/baris-tea.com\/de\/wp-json\/wp\/v2\/media?parent=6314"}],"wp:term":[{"taxonomy":"product_cat","embeddable":true,"href":"https:\/\/baris-tea.com\/de\/wp-json\/wp\/v2\/product_cat?post=6314"},{"taxonomy":"product_tag","embeddable":true,"href":"https:\/\/baris-tea.com\/de\/wp-json\/wp\/v2\/product_tag?post=6314"}],"curies":[{"name":"wp","href":"https:\/\/api.w.org\/{rel}","templated":true}]}}