{"id":6313,"date":"2023-09-15T10:26:25","date_gmt":"2023-09-15T10:26:25","guid":{"rendered":"https:\/\/baris-tea.com\/?post_type=product&#038;p=6313"},"modified":"2025-01-30T12:26:50","modified_gmt":"2025-01-30T12:26:50","slug":"ginger-lemongrass","status":"publish","type":"product","link":"https:\/\/baris-tea.com\/de\/produkt\/ginger-lemongrass","title":{"rendered":"Ginger Lemongrass"},"content":{"rendered":"","protected":false},"excerpt":{"rendered":"<p>Dieser Aufguss ist eine fantastische Kombination. Der Ingwer sorgt f\u00fcr einen w\u00fcrzigen, kr\u00e4ftigen und w\u00fcrzigen Geschmack und das Zitronengras erg\u00e4nzt den tiefen Geschmack mit einem weichen, zarten und frischen Geschmack.<\/p>\n<p>Der Bio-Ingwer und das Zitronengras stammen von Bio-Anbaugebieten in Sri Lanka. Wir f\u00fcgen diesem Aufguss, der auch als Kr\u00e4utertee oder Kr\u00e4utertee bekannt ist, etwas Bio-Zitronenverbene hinzu. Die Zitronenverbene hat einen frischen, milden und leicht zitronigen, in Richtung Minze tendierenden Geschmack. Diese Kr\u00e4uter w\u00e4rmen K\u00f6rper und Geist. Eine k\u00f6stliche Tasse Tee, die Sie den ganzen Tag \u00fcber genie\u00dfen k\u00f6nnen, da dieser Aufguss kein Koffein enth\u00e4lt.<\/p>\n<p>*Organically-grown ingredient.<\/p>\n<p>Am besten k\u00fchl und dunkel lagern.<\/p>\n<p><strong>Vorbereitung<\/strong>: 3-5 min \/ 85\u00baC<\/p>\n<p>&nbsp;<\/p>\n<p><a href=\"https:\/\/baris-tea.com\/wp-content\/uploads\/2023\/05\/bio-certificate-e1738236506195.png\"><img loading=\"lazy\" decoding=\"async\" class=\"wp-image-6667 alignleft\" src=\"https:\/\/baris-tea.com\/wp-content\/uploads\/2023\/05\/bio-certificate-e1738236506195-300x288.png\" alt=\"\" width=\"120\" height=\"115\" srcset=\"https:\/\/baris-tea.com\/wp-content\/uploads\/2023\/05\/bio-certificate-e1738236506195-300x288.png 300w, https:\/\/baris-tea.com\/wp-content\/uploads\/2023\/05\/bio-certificate-e1738236506195-13x12.png 13w, https:\/\/baris-tea.com\/wp-content\/uploads\/2023\/05\/bio-certificate-e1738236506195.png 448w\" sizes=\"auto, (max-width: 120px) 100vw, 120px\" \/><\/a><\/p>","protected":false},"featured_media":6542,"template":"","meta":[],"product_cat":[57],"product_tag":[130,70,131],"class_list":{"0":"post-6313","1":"product","2":"type-product","3":"status-publish","4":"has-post-thumbnail","6":"product_cat-ginger-lemongrass","7":"product_tag-ginger","8":"product_tag-infusion","9":"product_tag-lemongrass","11":"first","12":"outofstock","13":"shipping-taxable","14":"product-type-simple"},"_links":{"self":[{"href":"https:\/\/baris-tea.com\/de\/wp-json\/wp\/v2\/product\/6313","targetHints":{"allow":["GET"]}}],"collection":[{"href":"https:\/\/baris-tea.com\/de\/wp-json\/wp\/v2\/product"}],"about":[{"href":"https:\/\/baris-tea.com\/de\/wp-json\/wp\/v2\/types\/product"}],"wp:featuredmedia":[{"embeddable":true,"href":"https:\/\/baris-tea.com\/de\/wp-json\/wp\/v2\/media\/6542"}],"wp:attachment":[{"href":"https:\/\/baris-tea.com\/de\/wp-json\/wp\/v2\/media?parent=6313"}],"wp:term":[{"taxonomy":"product_cat","embeddable":true,"href":"https:\/\/baris-tea.com\/de\/wp-json\/wp\/v2\/product_cat?post=6313"},{"taxonomy":"product_tag","embeddable":true,"href":"https:\/\/baris-tea.com\/de\/wp-json\/wp\/v2\/product_tag?post=6313"}],"curies":[{"name":"wp","href":"https:\/\/api.w.org\/{rel}","templated":true}]}}