{"id":6312,"date":"2023-09-15T09:36:03","date_gmt":"2023-09-15T09:36:03","guid":{"rendered":"https:\/\/baris-tea.com\/?post_type=product&#038;p=6312"},"modified":"2025-01-30T12:05:21","modified_gmt":"2025-01-30T12:05:21","slug":"pure-mint","status":"publish","type":"product","link":"https:\/\/baris-tea.com\/de\/produkt\/pure-mint","title":{"rendered":"Pure Mint"},"content":{"rendered":"","protected":false},"excerpt":{"rendered":"<p>Ein ausdrucksstarker Aufguss mit intensiver Frische und tollem Minzgeschmack. Minze ist ein mehrj\u00e4hriges Kraut mit sehr duftenden, gezahnten Bl\u00e4ttern und winzigen violetten, rosa oder wei\u00dfen Bl\u00fcten. Es gibt viele Sorten Minze.<\/p>\n<p>Wir verwenden unsere Bio-Minze, die Ihnen ein tolles Frischegef\u00fchl und einen prickelnden Abgang verleiht. Wir f\u00fcgen etwas nat\u00fcrliches Minzaroma hinzu, um einen sch\u00f6nen frischen Minzduft zu verst\u00e4rken. Eine k\u00f6stliche Tasse Minztee, die Sie den ganzen Tag \u00fcber genie\u00dfen k\u00f6nnen, da dieser Aufguss kein Koffein enth\u00e4lt.<\/p>\n<p>*Fairtrade-Gr\u00fcntee: Die Massenbilanz wird verwendet, um der Fairtrade-Beschaffung zu entsprechen, insgesamt 99 %. Besuchen Sie info.fairtrade.net\/sourcing<\/p>\n<p>Zutat aus biologischem Anbau. Am besten k\u00fchl und dunkel lagern.<\/p>\n<p><strong>Vorbereitung<\/strong>: 5-7 min \/ 100\u00baC<\/p>\n<p>&nbsp;<\/p>\n<p><a href=\"https:\/\/baris-tea.com\/wp-content\/uploads\/2023\/05\/bio-certificate-e1738236506195.png\"><img loading=\"lazy\" decoding=\"async\" class=\"wp-image-6667 alignleft\" src=\"https:\/\/baris-tea.com\/wp-content\/uploads\/2023\/05\/bio-certificate-e1738236506195-300x288.png\" alt=\"\" width=\"120\" height=\"115\" srcset=\"https:\/\/baris-tea.com\/wp-content\/uploads\/2023\/05\/bio-certificate-e1738236506195-300x288.png 300w, https:\/\/baris-tea.com\/wp-content\/uploads\/2023\/05\/bio-certificate-e1738236506195-13x12.png 13w, https:\/\/baris-tea.com\/wp-content\/uploads\/2023\/05\/bio-certificate-e1738236506195.png 448w\" sizes=\"auto, (max-width: 120px) 100vw, 120px\" \/><\/a><a href=\"https:\/\/baris-tea.com\/wp-content\/uploads\/2023\/09\/fairtrade-certificate.png\"><img loading=\"lazy\" decoding=\"async\" class=\"alignnone wp-image-6668\" src=\"https:\/\/baris-tea.com\/wp-content\/uploads\/2023\/09\/fairtrade-certificate-300x254.png\" alt=\"\" width=\"100\" height=\"85\" srcset=\"https:\/\/baris-tea.com\/wp-content\/uploads\/2023\/09\/fairtrade-certificate-300x254.png 300w, https:\/\/baris-tea.com\/wp-content\/uploads\/2023\/09\/fairtrade-certificate-768x650.png 768w, https:\/\/baris-tea.com\/wp-content\/uploads\/2023\/09\/fairtrade-certificate-14x12.png 14w, https:\/\/baris-tea.com\/wp-content\/uploads\/2023\/09\/fairtrade-certificate-600x507.png 600w, https:\/\/baris-tea.com\/wp-content\/uploads\/2023\/09\/fairtrade-certificate.png 778w\" sizes=\"auto, (max-width: 100px) 100vw, 100px\" \/><\/a><\/p>","protected":false},"featured_media":6545,"template":"","meta":[],"product_cat":[62],"product_tag":[70,124],"class_list":{"0":"post-6312","1":"product","2":"type-product","3":"status-publish","4":"has-post-thumbnail","6":"product_cat-pure-mint","7":"product_tag-infusion","8":"product_tag-mint","10":"first","11":"outofstock","12":"shipping-taxable","13":"product-type-simple"},"_links":{"self":[{"href":"https:\/\/baris-tea.com\/de\/wp-json\/wp\/v2\/product\/6312","targetHints":{"allow":["GET"]}}],"collection":[{"href":"https:\/\/baris-tea.com\/de\/wp-json\/wp\/v2\/product"}],"about":[{"href":"https:\/\/baris-tea.com\/de\/wp-json\/wp\/v2\/types\/product"}],"wp:featuredmedia":[{"embeddable":true,"href":"https:\/\/baris-tea.com\/de\/wp-json\/wp\/v2\/media\/6545"}],"wp:attachment":[{"href":"https:\/\/baris-tea.com\/de\/wp-json\/wp\/v2\/media?parent=6312"}],"wp:term":[{"taxonomy":"product_cat","embeddable":true,"href":"https:\/\/baris-tea.com\/de\/wp-json\/wp\/v2\/product_cat?post=6312"},{"taxonomy":"product_tag","embeddable":true,"href":"https:\/\/baris-tea.com\/de\/wp-json\/wp\/v2\/product_tag?post=6312"}],"curies":[{"name":"wp","href":"https:\/\/api.w.org\/{rel}","templated":true}]}}