{"id":6310,"date":"2023-09-15T09:26:32","date_gmt":"2023-09-15T09:26:32","guid":{"rendered":"https:\/\/baris-tea.com\/?post_type=product&#038;p=6310"},"modified":"2025-01-30T12:02:50","modified_gmt":"2025-01-30T12:02:50","slug":"white-tea-raspberry","status":"publish","type":"product","link":"https:\/\/baris-tea.com\/de\/produkt\/white-tea-raspberry","title":{"rendered":"White Tea Raspberry"},"content":{"rendered":"","protected":false},"excerpt":{"rendered":"<p>Ein Bio-Wei\u00dftee mit einem leichten und milden Geschmack. F\u00fcr diese tolle fruchtige Wei\u00dftee-Mischung haben wir Himbeerst\u00fccke hinzugef\u00fcgt.<\/p>\n<p>Unsere erfahrenen Teepfl\u00fccker w\u00e4hlen sorgf\u00e4ltig von Hand die besten zwei Bl\u00e4tter und die Knospe von der Spitze der Teepflanze aus. BARISTEA wird auf der Bio-Teeplantage in den nebligen Bergen auf einer H\u00f6he von \u00fcber 900 Metern geerntet. Dies ist das perfekte Klima f\u00fcr die Zubereitung unseres gr\u00fcnen Tees mit erfrischendem Geschmack und exquisitem, zartem Aroma.<\/p>\n<p>*Fairtrade-Wei\u00dftee: Die Massenbilanz wird verwendet, um der Fairtrade-Beschaffung zu entsprechen, insgesamt 95 %. Besuchen Sie info.fairtrade.net\/sourcing<\/p>\n<p>Zutat aus biologischem Anbau. Am besten k\u00fchl und dunkel lagern.<\/p>\n<p><strong>Vorbereitung<\/strong>: 3-5 min \/ 85\u00baC<\/p>\n<p>&nbsp;<\/p>\n<p><a href=\"https:\/\/baris-tea.com\/wp-content\/uploads\/2023\/05\/bio-certificate-e1738236506195.png\"><img loading=\"lazy\" decoding=\"async\" class=\"wp-image-6667 alignleft\" src=\"https:\/\/baris-tea.com\/wp-content\/uploads\/2023\/05\/bio-certificate-e1738236506195-300x288.png\" alt=\"\" width=\"120\" height=\"115\" srcset=\"https:\/\/baris-tea.com\/wp-content\/uploads\/2023\/05\/bio-certificate-e1738236506195-300x288.png 300w, https:\/\/baris-tea.com\/wp-content\/uploads\/2023\/05\/bio-certificate-e1738236506195-13x12.png 13w, https:\/\/baris-tea.com\/wp-content\/uploads\/2023\/05\/bio-certificate-e1738236506195.png 448w\" sizes=\"auto, (max-width: 120px) 100vw, 120px\" \/><\/a><a href=\"https:\/\/baris-tea.com\/wp-content\/uploads\/2023\/09\/fairtrade-certificate.png\"><img loading=\"lazy\" decoding=\"async\" class=\"alignnone wp-image-6668\" src=\"https:\/\/baris-tea.com\/wp-content\/uploads\/2023\/09\/fairtrade-certificate-300x254.png\" alt=\"\" width=\"100\" height=\"85\" srcset=\"https:\/\/baris-tea.com\/wp-content\/uploads\/2023\/09\/fairtrade-certificate-300x254.png 300w, https:\/\/baris-tea.com\/wp-content\/uploads\/2023\/09\/fairtrade-certificate-768x650.png 768w, https:\/\/baris-tea.com\/wp-content\/uploads\/2023\/09\/fairtrade-certificate-14x12.png 14w, https:\/\/baris-tea.com\/wp-content\/uploads\/2023\/09\/fairtrade-certificate-600x507.png 600w, https:\/\/baris-tea.com\/wp-content\/uploads\/2023\/09\/fairtrade-certificate.png 778w\" sizes=\"auto, (max-width: 100px) 100vw, 100px\" \/><\/a><\/p>","protected":false},"featured_media":6551,"template":"","meta":[],"product_cat":[65],"product_tag":[70,119,118],"class_list":{"0":"post-6310","1":"product","2":"type-product","3":"status-publish","4":"has-post-thumbnail","6":"product_cat-white-tea-raspberry","7":"product_tag-infusion","8":"product_tag-raspberry","9":"product_tag-white-tea","11":"first","12":"outofstock","13":"shipping-taxable","14":"product-type-simple"},"_links":{"self":[{"href":"https:\/\/baris-tea.com\/de\/wp-json\/wp\/v2\/product\/6310","targetHints":{"allow":["GET"]}}],"collection":[{"href":"https:\/\/baris-tea.com\/de\/wp-json\/wp\/v2\/product"}],"about":[{"href":"https:\/\/baris-tea.com\/de\/wp-json\/wp\/v2\/types\/product"}],"wp:featuredmedia":[{"embeddable":true,"href":"https:\/\/baris-tea.com\/de\/wp-json\/wp\/v2\/media\/6551"}],"wp:attachment":[{"href":"https:\/\/baris-tea.com\/de\/wp-json\/wp\/v2\/media?parent=6310"}],"wp:term":[{"taxonomy":"product_cat","embeddable":true,"href":"https:\/\/baris-tea.com\/de\/wp-json\/wp\/v2\/product_cat?post=6310"},{"taxonomy":"product_tag","embeddable":true,"href":"https:\/\/baris-tea.com\/de\/wp-json\/wp\/v2\/product_tag?post=6310"}],"curies":[{"name":"wp","href":"https:\/\/api.w.org\/{rel}","templated":true}]}}