{"id":6302,"date":"2023-09-15T08:26:56","date_gmt":"2023-09-15T08:26:56","guid":{"rendered":"https:\/\/baris-tea.com\/?post_type=product&#038;p=6302"},"modified":"2025-01-30T11:51:42","modified_gmt":"2025-01-30T11:51:42","slug":"forest-fruits","status":"publish","type":"product","link":"https:\/\/baris-tea.com\/de\/produkt\/forest-fruits","title":{"rendered":"Forest Fruits"},"content":{"rendered":"","protected":false},"excerpt":{"rendered":"<p>Ein fruchtiger Schwarztee mit echten Heidelbeerst\u00fcckchen und nat\u00fcrlichen Aromen roter Fr\u00fcchte. Mit jedem Schluck entdecken Sie einen au\u00dfergew\u00f6hnlich ausgewogenen und intensiv aromatischen Fr\u00fcchtetee.<\/p>\n<p>Unsere erfahrenen Teepfl\u00fccker w\u00e4hlen sorgf\u00e4ltig von Hand die besten zwei Bl\u00e4tter und die Knospe von der Spitze der Teepflanze aus. BARISTEA wird auf der Bio-Teeplantage in den nebligen Bergen auf einer H\u00f6he von \u00fcber 600 Metern geerntet. Dies ist das perfekte Klima, um unseren schwarzen Tee mit seinem unverwechselbaren und reichen Geschmack herzustellen.<\/p>\n<p>*Fairtrade Black tea: mass balance is used to match Fairtrade sourcing, total 94%. Visit info.fairtrade.net\/sourcing<\/p>\n<p>Zutat aus biologischem Anbau. Am besten k\u00fchl und dunkel lagern.<\/p>\n<p><strong>Vorbereitung<\/strong>: 2-4 min \/ 100\u00baC<\/p>\n<p>&nbsp;<\/p>\n<p><a href=\"https:\/\/baris-tea.com\/wp-content\/uploads\/2023\/05\/bio-certificate-e1738236506195.png\"><img loading=\"lazy\" decoding=\"async\" class=\"alignleft wp-image-6667\" src=\"https:\/\/baris-tea.com\/wp-content\/uploads\/2023\/05\/bio-certificate-e1738236506195-300x288.png\" alt=\"\" width=\"120\" height=\"115\" srcset=\"https:\/\/baris-tea.com\/wp-content\/uploads\/2023\/05\/bio-certificate-e1738236506195-300x288.png 300w, https:\/\/baris-tea.com\/wp-content\/uploads\/2023\/05\/bio-certificate-e1738236506195-13x12.png 13w, https:\/\/baris-tea.com\/wp-content\/uploads\/2023\/05\/bio-certificate-e1738236506195.png 448w\" sizes=\"auto, (max-width: 120px) 100vw, 120px\" \/><\/a><\/p>\n<p><a href=\"https:\/\/baris-tea.com\/wp-content\/uploads\/2023\/09\/fairtrade-certificate.png\"><img loading=\"lazy\" decoding=\"async\" class=\"alignnone wp-image-6668\" src=\"https:\/\/baris-tea.com\/wp-content\/uploads\/2023\/09\/fairtrade-certificate-300x254.png\" alt=\"\" width=\"100\" height=\"85\" srcset=\"https:\/\/baris-tea.com\/wp-content\/uploads\/2023\/09\/fairtrade-certificate-300x254.png 300w, https:\/\/baris-tea.com\/wp-content\/uploads\/2023\/09\/fairtrade-certificate-768x650.png 768w, https:\/\/baris-tea.com\/wp-content\/uploads\/2023\/09\/fairtrade-certificate-14x12.png 14w, https:\/\/baris-tea.com\/wp-content\/uploads\/2023\/09\/fairtrade-certificate-600x507.png 600w, https:\/\/baris-tea.com\/wp-content\/uploads\/2023\/09\/fairtrade-certificate.png 778w\" sizes=\"auto, (max-width: 100px) 100vw, 100px\" \/><\/a><\/p>","protected":false},"featured_media":6569,"template":"","meta":[],"product_cat":[52],"product_tag":[87,97],"class_list":{"0":"post-6302","1":"product","2":"type-product","3":"status-publish","4":"has-post-thumbnail","6":"product_cat-forest-fruits","7":"product_tag-black-tea","8":"product_tag-forest-fruits","10":"first","11":"outofstock","12":"shipping-taxable","13":"product-type-simple"},"_links":{"self":[{"href":"https:\/\/baris-tea.com\/de\/wp-json\/wp\/v2\/product\/6302","targetHints":{"allow":["GET"]}}],"collection":[{"href":"https:\/\/baris-tea.com\/de\/wp-json\/wp\/v2\/product"}],"about":[{"href":"https:\/\/baris-tea.com\/de\/wp-json\/wp\/v2\/types\/product"}],"wp:featuredmedia":[{"embeddable":true,"href":"https:\/\/baris-tea.com\/de\/wp-json\/wp\/v2\/media\/6569"}],"wp:attachment":[{"href":"https:\/\/baris-tea.com\/de\/wp-json\/wp\/v2\/media?parent=6302"}],"wp:term":[{"taxonomy":"product_cat","embeddable":true,"href":"https:\/\/baris-tea.com\/de\/wp-json\/wp\/v2\/product_cat?post=6302"},{"taxonomy":"product_tag","embeddable":true,"href":"https:\/\/baris-tea.com\/de\/wp-json\/wp\/v2\/product_tag?post=6302"}],"curies":[{"name":"wp","href":"https:\/\/api.w.org\/{rel}","templated":true}]}}