{"id":6295,"date":"2023-09-14T17:39:23","date_gmt":"2023-09-14T17:39:23","guid":{"rendered":"https:\/\/baris-tea.com\/?post_type=product&#038;p=6295"},"modified":"2025-01-30T11:36:44","modified_gmt":"2025-01-30T11:36:44","slug":"earl-grey","status":"publish","type":"product","link":"https:\/\/baris-tea.com\/de\/produkt\/earl-grey","title":{"rendered":"Earl Grey"},"content":{"rendered":"","protected":false},"excerpt":{"rendered":"<p>Diese kleine Zitrusfrucht ist eine Kombination aus charakteristischem Schwarztee und Bergamotte und verleiht Earl Grey seinen erfrischenden Geschmack und sein erfrischendes Aroma.<\/p>\n<p>Unsere erfahrenen Teepfl\u00fccker w\u00e4hlen sorgf\u00e4ltig von Hand die besten zwei Bl\u00e4tter und die Knospe von der Spitze der Teepflanze aus. BARISTEA wird auf der Bio-Teeplantage in den nebligen Bergen auf einer H\u00f6he von \u00fcber 600 Metern geerntet. Dies ist das perfekte Klima, um unseren schwarzen Tee mit seinem unverwechselbaren und reichen Geschmack zuzubereiten.<\/p>\n<p>*Fairtrade Black tea: mass balance is used to match Fairtrade sourcing, total 95%. Visit info.fairtrade.net\/sourcing<\/p>\n<p>Zutat aus biologischem Anbau. Am besten k\u00fchl und dunkel lagern.<\/p>\n<p><strong>Vorbereitung<\/strong>: 2-4 min \/ 100\u00baC<\/p>\n<p>&nbsp;<\/p>\n<p><a href=\"https:\/\/baris-tea.com\/wp-content\/uploads\/2023\/05\/bio-certificate-e1738236506195.png\"><img loading=\"lazy\" decoding=\"async\" class=\"alignleft wp-image-6667\" src=\"https:\/\/baris-tea.com\/wp-content\/uploads\/2023\/05\/bio-certificate-e1738236506195-300x288.png\" alt=\"\" width=\"120\" height=\"115\" srcset=\"https:\/\/baris-tea.com\/wp-content\/uploads\/2023\/05\/bio-certificate-e1738236506195-300x288.png 300w, https:\/\/baris-tea.com\/wp-content\/uploads\/2023\/05\/bio-certificate-e1738236506195-13x12.png 13w, https:\/\/baris-tea.com\/wp-content\/uploads\/2023\/05\/bio-certificate-e1738236506195.png 448w\" sizes=\"auto, (max-width: 120px) 100vw, 120px\" \/><\/a><a href=\"https:\/\/baris-tea.com\/wp-content\/uploads\/2023\/09\/fairtrade-certificate.png\"><img loading=\"lazy\" decoding=\"async\" class=\"alignnone wp-image-6668\" src=\"https:\/\/baris-tea.com\/wp-content\/uploads\/2023\/09\/fairtrade-certificate-300x254.png\" alt=\"\" width=\"100\" height=\"85\" srcset=\"https:\/\/baris-tea.com\/wp-content\/uploads\/2023\/09\/fairtrade-certificate-300x254.png 300w, https:\/\/baris-tea.com\/wp-content\/uploads\/2023\/09\/fairtrade-certificate-768x650.png 768w, https:\/\/baris-tea.com\/wp-content\/uploads\/2023\/09\/fairtrade-certificate-14x12.png 14w, https:\/\/baris-tea.com\/wp-content\/uploads\/2023\/09\/fairtrade-certificate-600x507.png 600w, https:\/\/baris-tea.com\/wp-content\/uploads\/2023\/09\/fairtrade-certificate.png 778w\" sizes=\"auto, (max-width: 100px) 100vw, 100px\" \/><\/a><\/p>","protected":false},"featured_media":6575,"template":"","meta":[],"product_cat":[44],"product_tag":[87,86],"class_list":{"0":"post-6295","1":"product","2":"type-product","3":"status-publish","4":"has-post-thumbnail","6":"product_cat-earl-grey","7":"product_tag-black-tea","8":"product_tag-earl-grey","10":"first","11":"outofstock","12":"shipping-taxable","13":"product-type-simple"},"_links":{"self":[{"href":"https:\/\/baris-tea.com\/de\/wp-json\/wp\/v2\/product\/6295","targetHints":{"allow":["GET"]}}],"collection":[{"href":"https:\/\/baris-tea.com\/de\/wp-json\/wp\/v2\/product"}],"about":[{"href":"https:\/\/baris-tea.com\/de\/wp-json\/wp\/v2\/types\/product"}],"wp:featuredmedia":[{"embeddable":true,"href":"https:\/\/baris-tea.com\/de\/wp-json\/wp\/v2\/media\/6575"}],"wp:attachment":[{"href":"https:\/\/baris-tea.com\/de\/wp-json\/wp\/v2\/media?parent=6295"}],"wp:term":[{"taxonomy":"product_cat","embeddable":true,"href":"https:\/\/baris-tea.com\/de\/wp-json\/wp\/v2\/product_cat?post=6295"},{"taxonomy":"product_tag","embeddable":true,"href":"https:\/\/baris-tea.com\/de\/wp-json\/wp\/v2\/product_tag?post=6295"}],"curies":[{"name":"wp","href":"https:\/\/api.w.org\/{rel}","templated":true}]}}