{"id":140,"date":"2023-05-12T03:34:43","date_gmt":"2023-05-12T03:34:43","guid":{"rendered":"https:\/\/demo2wpopal.b-cdn.net\/teapoz\/shop\/lightweight-bronze-bag\/"},"modified":"2025-01-30T11:39:24","modified_gmt":"2025-01-30T11:39:24","slug":"camomile","status":"publish","type":"product","link":"https:\/\/baris-tea.com\/de\/produkt\/camomile","title":{"rendered":"Camomile"},"content":{"rendered":"","protected":false},"excerpt":{"rendered":"<div class=\"ewa-rteLine\">Made from 100% organic* camomile, which has a light sweet flowery taste. Chamomile is valued for its relaxing characteristics and is naturally caffeine free.<\/div>\n<div><\/div>\n<div class=\"ewa-rteLine\">Aus sorgf\u00e4ltig ausgew\u00e4hlten getrockneten Kamillenbl\u00fcten wird unser wunderbarer BARISTEA Kamillen-Kr\u00e4utertee hergestellt. Im Allgemeinen ist es ein Fr\u00fchlingskraut, das den ganzen Sommer \u00fcber bl\u00fcht.<\/div>\n<div><\/div>\n<div>*Organically-grown ingredient.<\/div>\n<div><\/div>\n<p>Am besten k\u00fchl und dunkel lagern.<\/p>\n<p><strong>Vorbereitung<\/strong>: 3-5 min \/ 100\u00baC<\/p>\n<p>&nbsp;<\/p>\n<p><a href=\"https:\/\/baris-tea.com\/wp-content\/uploads\/2023\/05\/bio-certificate.png\"><img loading=\"lazy\" decoding=\"async\" class=\"alignnone wp-image-6667\" src=\"https:\/\/baris-tea.com\/wp-content\/uploads\/2023\/05\/bio-certificate-300x298.png\" alt=\"\" width=\"120\" height=\"119\" \/><\/a><\/p>","protected":false},"featured_media":6578,"template":"","meta":[],"product_cat":[34],"product_tag":[71,70],"class_list":{"0":"post-140","1":"product","2":"type-product","3":"status-publish","4":"has-post-thumbnail","6":"product_cat-camomile","7":"product_tag-camomile","8":"product_tag-infusion","10":"first","11":"outofstock","12":"shipping-taxable","13":"product-type-simple"},"_links":{"self":[{"href":"https:\/\/baris-tea.com\/de\/wp-json\/wp\/v2\/product\/140","targetHints":{"allow":["GET"]}}],"collection":[{"href":"https:\/\/baris-tea.com\/de\/wp-json\/wp\/v2\/product"}],"about":[{"href":"https:\/\/baris-tea.com\/de\/wp-json\/wp\/v2\/types\/product"}],"wp:featuredmedia":[{"embeddable":true,"href":"https:\/\/baris-tea.com\/de\/wp-json\/wp\/v2\/media\/6578"}],"wp:attachment":[{"href":"https:\/\/baris-tea.com\/de\/wp-json\/wp\/v2\/media?parent=140"}],"wp:term":[{"taxonomy":"product_cat","embeddable":true,"href":"https:\/\/baris-tea.com\/de\/wp-json\/wp\/v2\/product_cat?post=140"},{"taxonomy":"product_tag","embeddable":true,"href":"https:\/\/baris-tea.com\/de\/wp-json\/wp\/v2\/product_tag?post=140"}],"curies":[{"name":"wp","href":"https:\/\/api.w.org\/{rel}","templated":true}]}}